{"id":589,"date":"2018-07-31T20:21:40","date_gmt":"2018-07-31T20:21:40","guid":{"rendered":"https:\/\/ifa-consulting.com\/?page_id=589"},"modified":"2018-07-31T20:21:40","modified_gmt":"2018-07-31T20:21:40","slug":"luxembourg","status":"publish","type":"page","link":"https:\/\/ifa-consulting.com\/en\/services\/european-companies-formation\/luxembourg\/","title":{"rendered":"Luxembourg"},"content":{"rendered":"<table class=\"price_table\">\n<tbody>\n<tr>\n<th colspan=\"3\">\n<h4>Company registration in\u00a0 Luxembourg<\/h4>\n<\/th>\n<th colspan=\"4\"><\/th>\n<\/tr>\n<tr>\n<th>Name of service<\/th>\n<th>Package<\/p>\n<p>Economy<\/th>\n<th>Package<\/p>\n<p>Standard<\/th>\n<th>Package<\/p>\n<p>Full<\/th>\n<th>Package<\/p>\n<p>Plus<\/th>\n<th>Package<\/p>\n<p>Exclusive<\/th>\n<th><\/th>\n<\/tr>\n<tr>\n<td>Company registration, including the payment of state fees<\/td>\n<td>+<\/td>\n<td>+<\/td>\n<td>+<\/td>\n<td>\u00a0 \u00a0 +<\/td>\n<td>+<\/td>\n<\/tr>\n<tr>\n<td>Legal address for 1 year<\/td>\n<td>&#8211;<\/td>\n<td>+<\/td>\n<td>+<\/td>\n<td>+<\/td>\n<td>+<\/td>\n<\/tr>\n<tr>\n<td>Remote opening, including the transfer of power of attorney<\/td>\n<td>&#8211;<\/td>\n<td>&#8211;<\/td>\n<td>+<\/td>\n<td>+<\/td>\n<td>+<\/td>\n<\/tr>\n<tr>\n<td>Bank account<\/td>\n<td>&#8211;<\/td>\n<td>&#8211;<\/td>\n<td>&#8211;<\/td>\n<td>+<\/td>\n<td>+<\/td>\n<\/tr>\n<tr>\n<td>Accounting service for 1 year<\/td>\n<td>&#8211;<\/td>\n<td>&#8211;<\/td>\n<td>&#8211;<\/td>\n<td>&#8211;<\/td>\n<td>+<\/td>\n<\/tr>\n<tr>\n<td>Total cost<\/td>\n<td>7000 EUR<\/td>\n<td>13000 EUR<\/td>\n<td>14000 EUR<\/td>\n<td>14000 EUR<\/td>\n<td>on request<\/td>\n<\/tr>\n<tr>\n<td><\/td>\n<td>\n<div class=\"order_btn\" data-name=\"\u041b\u044e\u043a\u0441\u0435\u043c\u0431\u0443\u0440\u0433_Economy\">Order<\/div>\n<\/td>\n<td>\n<div class=\"order_btn\" data-name=\"\u041b\u044e\u043a\u0441\u0435\u043c\u0431\u0443\u0440\u0433_Standard\">Order<\/div>\n<\/td>\n<td>\n<div class=\"order_btn\" data-name=\"\u041b\u044e\u043a\u0441\u0435\u043c\u0431\u0443\u0440\u0433_Full\">Order<\/div>\n<\/td>\n<td>\n<div class=\"order_btn\" data-name=\"\u041b\u044e\u043a\u0441\u0435\u043c\u0431\u0443\u0440\u0433_Plus\">Order<\/div>\n<\/td>\n<td>\n<div class=\"order_btn\" data-name=\"\u041b\u044e\u043a\u0441\u0435\u043c\u0431\u0443\u0440\u0433_Exclusive\">Order<\/div>\n<\/td>\n<\/tr>\n<\/tbody>\n<\/table>\n<p>Luxembourg officially the Grand Duchy of Luxembourg is a landlocked country in Western Europe. It\u00a0 is bordered by Belgium to the west and north, Germany to the east, and France to the south.<br \/>\nLuxembourg is a member of the European Union, since 1957<br \/>\nThe name comes from the word \u00ablucilinburch\u00bb &#8211; that means a &#8220;small city&#8221;.<\/p>\n<h2>General information<\/h2>\n<p>Area\u00a0 &#8211;\u00a0\u00a0 2 585 sq. km<br \/>\nPopulation \u00a0 &#8211;\u00a0 531 441\u00a0 inhabitants<br \/>\nCapital \u00a0 &#8211;\u00a0\u00a0 Luxembourg<br \/>\nOfficial language\u00a0 &#8211;\u00a0\u00a0 German, French, Italian<br \/>\nOfficial currency \u00a0 &#8211;\u00a0 Eiro (CHF)<\/p>\n<h2>Legal form of company<\/h2>\n<p>Public Limited Company (S.A.\u00a0 \u2013 Societe Anonyme);<br \/>\nPrivate company with limited liability (S.A.R.L. \u2013 Societeea Responsabilite Limite).<\/p>\n<h2>Key specials<\/h2>\n<p>Luxembourg has agreements for the prevention of double taxation with following countries:<br \/>\nAustria, Belgium, Brazil, Bulgaria, Great Britain, Hungary, Vietnam, Germany, Denmark, Greece, Indonesia,<br \/>\nIreland, Iceland, Ireland, Italy, Canada, China, Latvia, Lithuania, Mauritius , Malaysia, Malta, Mexico, Mongolia,<br \/>\nNetherlands, Norway, Poland, Portugal,Romania, Russia, Singapore, Slovakia, Slovenia, the USA, Thailand,<br \/>\nTrinidad and Tobago, Tunisia, Turkey, Uzbekistan, Finland, France, Czech Republic, Switzerland , Sweden,<br \/>\nSouth Africa, South Korea and Japan.<\/p>\n<h2>Corporate legislation<\/h2>\n<p>1990 Soci\u00e9t\u00e9 de Participation Financi\u00e9re (SOPARFI) Holding Company (SA).<\/p>\n<h2>Share capital<\/h2>\n<p>Private companywith limited liability S.A.R.L.\u00a0 &#8211;\u00a0 12 500\u00a0\u00a0 EUR<br \/>\nPublic Limited Company\u00a0\u00a0 S.A.\u00a0 &#8211;\u00a0 31 000\u00a0\u00a0 EUR.<\/p>\n<h2>Bank account opening<\/h2>\n<p>For Luxembourg Company we offer bank accounts in following countries:<br \/>\nLatvia<br \/>\nEstonia<br \/>\nLithuania<br \/>\nSwitzerland<br \/>\nCyprus<br \/>\nDenmark<br \/>\nSt. Vincent and the Grenadines<br \/>\nBelize<br \/>\nSeychelles<br \/>\nTanzania<br \/>\nBosnia<br \/>\nHong Kong<br \/>\nDubai<br \/>\nFull list of bank accounts with tariffs\u00a0\u00a0 you can find\u00a0<a href=\"http:\/\/www.ifa-consulting.com\/en\/all_services\/bankaccounts\/bankaccountfees\">here<\/a>.<\/p>\n<h2>The main requirements for the directors and shareholders of the company<\/h2>\n<p>The legal status \u00a0 &#8211; \u00a0 a legal entity<br \/>\nFounders, Shareholders\u00a0 &#8211; minimum two<br \/>\nStatus of \u00a0 &#8211; private or corporate<br \/>\nResidence \u00a0 &#8211;\u00a0 can be from\u00a0 any\u00a0 country<br \/>\nThe Government<br \/>\nDirectors \u00a0 &#8211; minimum one<br \/>\nStatus of \u00a0 &#8211;\u00a0 private persone<br \/>\nResidence \u00a0 &#8211;\u00a0 can be from\u00a0 any\u00a0 country<br \/>\nSecretary\u00a0 &#8211;\u00a0 one (private).<\/p>\n<p>* It is authorized to use services of nominal directors or shareholders<br \/>\n** Legal adress and office should be in Luxembourg.<\/p>\n<h2>Taxation<\/h2>\n<p>Income tax\u00a0 &#8211;\u00a0 28,59%<br \/>\nValue added tax\u00a0\u00a0\u00a0 &#8211;\u00a0 15%<br \/>\nThe liberation of tax (VAT) for small company envisaged &#8220;VAT Act&#8221; of 1979, was a turnover of 25 000\u00a0 EUR. As amended in 2013<br \/>\nThe payment of dividends -15%<\/p>\n<h2>Accountancy<\/h2>\n<p>The Company is requiredto maintain accounting records;<br \/>\nSubmitan annual report ;<br \/>\nAnnualfinancial statements<br \/>\nAccountancy fees you can check\u00a0<a href=\"http:\/\/www.ifa-consulting.com\/en\/all_services\/accountancy_services\/accountancyfees\">here<\/a><\/p>\n<h2>Disclosure of beneficial ownership to government authorities<\/h2>\n<p>Not disclosed<\/p>\n<h2>Timeframes<\/h2>\n<p>New Company registration takes from 1 day.<br \/>\nShelf companies are available.<br \/>\nFor more information, please\u00a0<a href=\"http:\/\/www.ifa-consulting.com\/ru\/contacts\">contact us.<\/a><\/p>\n","protected":false},"excerpt":{"rendered":"<p>Company registration in\u00a0 Luxembourg Name of service Package Economy Package Standard Package Full Package Plus Package Exclusive Company registration, including the payment of state fees + + + \u00a0 \u00a0 + + Legal address for 1 year &#8211; + + + + Remote opening, including the transfer of power of attorney &#8211; &#8211; + +&#8230;<\/p>\n","protected":false},"author":1,"featured_media":0,"parent":529,"menu_order":0,"comment_status":"closed","ping_status":"closed","template":"","meta":[],"aioseo_notices":[],"_links":{"self":[{"href":"https:\/\/ifa-consulting.com\/en\/wp-json\/wp\/v2\/pages\/589"}],"collection":[{"href":"https:\/\/ifa-consulting.com\/en\/wp-json\/wp\/v2\/pages"}],"about":[{"href":"https:\/\/ifa-consulting.com\/en\/wp-json\/wp\/v2\/types\/page"}],"author":[{"embeddable":true,"href":"https:\/\/ifa-consulting.com\/en\/wp-json\/wp\/v2\/users\/1"}],"replies":[{"embeddable":true,"href":"https:\/\/ifa-consulting.com\/en\/wp-json\/wp\/v2\/comments?post=589"}],"version-history":[{"count":1,"href":"https:\/\/ifa-consulting.com\/en\/wp-json\/wp\/v2\/pages\/589\/revisions"}],"predecessor-version":[{"id":590,"href":"https:\/\/ifa-consulting.com\/en\/wp-json\/wp\/v2\/pages\/589\/revisions\/590"}],"up":[{"embeddable":true,"href":"https:\/\/ifa-consulting.com\/en\/wp-json\/wp\/v2\/pages\/529"}],"wp:attachment":[{"href":"https:\/\/ifa-consulting.com\/en\/wp-json\/wp\/v2\/media?parent=589"}],"curies":[{"name":"wp","href":"https:\/\/api.w.org\/{rel}","templated":true}]}}